{"id":12,"date":"2022-02-06T20:49:36","date_gmt":"2022-02-06T19:49:36","guid":{"rendered":"http:\/\/192.168.1.28\/?page_id=7"},"modified":"2022-06-01T11:28:59","modified_gmt":"2022-06-01T09:28:59","slug":"doradztwo_main","status":"publish","type":"page","link":"https:\/\/zsgh.bytom.pl\/doradca\/","title":{"rendered":"Doradztwo zawodowe"},"content":{"rendered":"\t\t<div data-elementor-type=\"wp-page\" data-elementor-id=\"12\" class=\"elementor elementor-12\">\n\t\t\t\t\t\t\t\t\t<section class=\"elementor-section elementor-top-section elementor-element elementor-element-13b451b elementor-section-boxed elementor-section-height-default elementor-section-height-default\" data-id=\"13b451b\" data-element_type=\"section\">\n\t\t\t\t\t\t<div class=\"elementor-container elementor-column-gap-default\">\n\t\t\t\t\t<div class=\"elementor-column elementor-col-100 elementor-top-column elementor-element elementor-element-280d586\" data-id=\"280d586\" data-element_type=\"column\">\n\t\t\t<div class=\"elementor-widget-wrap elementor-element-populated\">\n\t\t\t\t\t\t\t\t<div class=\"elementor-element elementor-element-3764ceb elementor-widget elementor-widget-heading\" data-id=\"3764ceb\" data-element_type=\"widget\" data-settings=\"{&quot;_animation&quot;:&quot;none&quot;}\" data-widget_type=\"heading.default\">\n\t\t\t\t<div class=\"elementor-widget-container\">\n\t\t\t<style>\/*! elementor - v3.13.3 - 22-05-2023 *\/\n.elementor-heading-title{padding:0;margin:0;line-height:1}.elementor-widget-heading .elementor-heading-title[class*=elementor-size-]>a{color:inherit;font-size:inherit;line-height:inherit}.elementor-widget-heading .elementor-heading-title.elementor-size-small{font-size:15px}.elementor-widget-heading .elementor-heading-title.elementor-size-medium{font-size:19px}.elementor-widget-heading .elementor-heading-title.elementor-size-large{font-size:29px}.elementor-widget-heading .elementor-heading-title.elementor-size-xl{font-size:39px}.elementor-widget-heading .elementor-heading-title.elementor-size-xxl{font-size:59px}<\/style><h1 class=\"elementor-heading-title elementor-size-large\">ZSGH - Doradztwo zawodowe<\/h1>\t\t<\/div>\n\t\t\t\t<\/div>\n\t\t\t\t\t<\/div>\n\t\t<\/div>\n\t\t\t\t\t\t\t<\/div>\n\t\t<\/section>\n\t\t\t\t<section class=\"elementor-section elementor-top-section elementor-element elementor-element-344c6e2 elementor-section-boxed elementor-section-height-default elementor-section-height-default\" data-id=\"344c6e2\" data-element_type=\"section\">\n\t\t\t\t\t\t<div class=\"elementor-container elementor-column-gap-default\">\n\t\t\t\t\t<div class=\"elementor-column elementor-col-100 elementor-top-column elementor-element elementor-element-5db2b1a\" data-id=\"5db2b1a\" data-element_type=\"column\">\n\t\t\t<div class=\"elementor-widget-wrap elementor-element-populated\">\n\t\t\t\t\t\t\t\t<div class=\"elementor-element elementor-element-abd3ae5 elementor-widget-divider--view-line elementor-widget elementor-widget-divider\" data-id=\"abd3ae5\" data-element_type=\"widget\" data-widget_type=\"divider.default\">\n\t\t\t\t<div class=\"elementor-widget-container\">\n\t\t\t<style>\/*! elementor - v3.13.3 - 22-05-2023 *\/\n.elementor-widget-divider{--divider-border-style:none;--divider-border-width:1px;--divider-color:#0c0d0e;--divider-icon-size:20px;--divider-element-spacing:10px;--divider-pattern-height:24px;--divider-pattern-size:20px;--divider-pattern-url:none;--divider-pattern-repeat:repeat-x}.elementor-widget-divider .elementor-divider{display:flex}.elementor-widget-divider .elementor-divider__text{font-size:15px;line-height:1;max-width:95%}.elementor-widget-divider .elementor-divider__element{margin:0 var(--divider-element-spacing);flex-shrink:0}.elementor-widget-divider .elementor-icon{font-size:var(--divider-icon-size)}.elementor-widget-divider .elementor-divider-separator{display:flex;margin:0;direction:ltr}.elementor-widget-divider--view-line_icon .elementor-divider-separator,.elementor-widget-divider--view-line_text .elementor-divider-separator{align-items:center}.elementor-widget-divider--view-line_icon .elementor-divider-separator:after,.elementor-widget-divider--view-line_icon .elementor-divider-separator:before,.elementor-widget-divider--view-line_text .elementor-divider-separator:after,.elementor-widget-divider--view-line_text .elementor-divider-separator:before{display:block;content:\"\";border-bottom:0;flex-grow:1;border-top:var(--divider-border-width) var(--divider-border-style) var(--divider-color)}.elementor-widget-divider--element-align-left .elementor-divider .elementor-divider-separator>.elementor-divider__svg:first-of-type{flex-grow:0;flex-shrink:100}.elementor-widget-divider--element-align-left .elementor-divider-separator:before{content:none}.elementor-widget-divider--element-align-left .elementor-divider__element{margin-left:0}.elementor-widget-divider--element-align-right .elementor-divider .elementor-divider-separator>.elementor-divider__svg:last-of-type{flex-grow:0;flex-shrink:100}.elementor-widget-divider--element-align-right .elementor-divider-separator:after{content:none}.elementor-widget-divider--element-align-right .elementor-divider__element{margin-right:0}.elementor-widget-divider:not(.elementor-widget-divider--view-line_text):not(.elementor-widget-divider--view-line_icon) .elementor-divider-separator{border-top:var(--divider-border-width) var(--divider-border-style) var(--divider-color)}.elementor-widget-divider--separator-type-pattern{--divider-border-style:none}.elementor-widget-divider--separator-type-pattern.elementor-widget-divider--view-line .elementor-divider-separator,.elementor-widget-divider--separator-type-pattern:not(.elementor-widget-divider--view-line) .elementor-divider-separator:after,.elementor-widget-divider--separator-type-pattern:not(.elementor-widget-divider--view-line) .elementor-divider-separator:before,.elementor-widget-divider--separator-type-pattern:not([class*=elementor-widget-divider--view]) .elementor-divider-separator{width:100%;min-height:var(--divider-pattern-height);-webkit-mask-size:var(--divider-pattern-size) 100%;mask-size:var(--divider-pattern-size) 100%;-webkit-mask-repeat:var(--divider-pattern-repeat);mask-repeat:var(--divider-pattern-repeat);background-color:var(--divider-color);-webkit-mask-image:var(--divider-pattern-url);mask-image:var(--divider-pattern-url)}.elementor-widget-divider--no-spacing{--divider-pattern-size:auto}.elementor-widget-divider--bg-round{--divider-pattern-repeat:round}.rtl .elementor-widget-divider .elementor-divider__text{direction:rtl}.e-con-inner>.elementor-widget-divider,.e-con>.elementor-widget-divider{width:var(--container-widget-width,100%);--flex-grow:var(--container-widget-flex-grow)}<\/style>\t\t<div class=\"elementor-divider\">\n\t\t\t<span class=\"elementor-divider-separator\">\n\t\t\t\t\t\t<\/span>\n\t\t<\/div>\n\t\t\t\t<\/div>\n\t\t\t\t<\/div>\n\t\t\t\t\t<\/div>\n\t\t<\/div>\n\t\t\t\t\t\t\t<\/div>\n\t\t<\/section>\n\t\t\t\t<section class=\"elementor-section elementor-top-section elementor-element elementor-element-0316b30 elementor-section-boxed elementor-section-height-default elementor-section-height-default elementor-invisible\" data-id=\"0316b30\" data-element_type=\"section\" data-settings=\"{&quot;animation&quot;:&quot;zoomIn&quot;,&quot;animation_delay&quot;:500}\">\n\t\t\t\t\t\t<div class=\"elementor-container elementor-column-gap-default\">\n\t\t\t\t\t<div class=\"elementor-column elementor-col-33 elementor-top-column elementor-element elementor-element-f64474c\" data-id=\"f64474c\" data-element_type=\"column\">\n\t\t\t<div class=\"elementor-widget-wrap elementor-element-populated\">\n\t\t\t\t\t\t\t\t<div class=\"elementor-element elementor-element-a84a269 elementor-widget elementor-widget-image\" data-id=\"a84a269\" data-element_type=\"widget\" data-widget_type=\"image.default\">\n\t\t\t\t<div class=\"elementor-widget-container\">\n\t\t\t<style>\/*! elementor - v3.13.3 - 22-05-2023 *\/\n.elementor-widget-image{text-align:center}.elementor-widget-image a{display:inline-block}.elementor-widget-image a img[src$=\".svg\"]{width:48px}.elementor-widget-image img{vertical-align:middle;display:inline-block}<\/style>\t\t\t\t\t\t\t\t\t\t\t\t\t<a href=\"http:\/\/zsgh.bytom.pl\/doradca\/?page_id=117\">\n\t\t\t\t\t\t\t<img decoding=\"async\" width=\"1024\" height=\"768\" src=\"https:\/\/zsgh.bytom.pl\/doradca\/wp-content\/uploads\/2022\/05\/austin-distel-wD1LRb9OeEo-unsplash-1024x768.jpg\" class=\"attachment-large size-large wp-image-265\" alt=\"\" loading=\"lazy\" srcset=\"https:\/\/zsgh.bytom.pl\/doradca\/wp-content\/uploads\/2022\/05\/austin-distel-wD1LRb9OeEo-unsplash-1024x768.jpg 1024w, https:\/\/zsgh.bytom.pl\/doradca\/wp-content\/uploads\/2022\/05\/austin-distel-wD1LRb9OeEo-unsplash-300x225.jpg 300w, https:\/\/zsgh.bytom.pl\/doradca\/wp-content\/uploads\/2022\/05\/austin-distel-wD1LRb9OeEo-unsplash-768x576.jpg 768w, https:\/\/zsgh.bytom.pl\/doradca\/wp-content\/uploads\/2022\/05\/austin-distel-wD1LRb9OeEo-unsplash-1536x1152.jpg 1536w, https:\/\/zsgh.bytom.pl\/doradca\/wp-content\/uploads\/2022\/05\/austin-distel-wD1LRb9OeEo-unsplash-2048x1536.jpg 2048w\" sizes=\"(max-width: 1024px) 100vw, 1024px\" \/>\t\t\t\t\t\t\t\t<\/a>\n\t\t\t\t\t\t\t\t\t\t\t\t\t\t\t<\/div>\n\t\t\t\t<\/div>\n\t\t\t\t<div class=\"elementor-element elementor-element-8d778fb elementor-widget elementor-widget-heading\" data-id=\"8d778fb\" data-element_type=\"widget\" data-widget_type=\"heading.default\">\n\t\t\t\t<div class=\"elementor-widget-container\">\n\t\t\t<h6 class=\"elementor-heading-title elementor-size-default\"><a href=\"http:\/\/zsgh.bytom.pl\/doradca\/?page_id=117\">Wewn\u0105trzszkolny System <br>Doradztwa Zawodowego<\/a><\/h6>\t\t<\/div>\n\t\t\t\t<\/div>\n\t\t\t\t\t<\/div>\n\t\t<\/div>\n\t\t\t\t<div class=\"elementor-column elementor-col-33 elementor-top-column elementor-element elementor-element-6f6b6ee\" data-id=\"6f6b6ee\" data-element_type=\"column\">\n\t\t\t<div class=\"elementor-widget-wrap elementor-element-populated\">\n\t\t\t\t\t\t\t\t<div class=\"elementor-element elementor-element-f2b5170 elementor-widget elementor-widget-image\" data-id=\"f2b5170\" data-element_type=\"widget\" data-widget_type=\"image.default\">\n\t\t\t\t<div class=\"elementor-widget-container\">\n\t\t\t\t\t\t\t\t\t\t\t\t\t\t\t\t<a href=\"https:\/\/doradztwo.ore.edu.pl\/gdzie-znajde-pomoc\/\">\n\t\t\t\t\t\t\t<img decoding=\"async\" width=\"940\" height=\"812\" src=\"https:\/\/zsgh.bytom.pl\/doradca\/wp-content\/uploads\/2022\/05\/rece.png\" class=\"attachment-large size-large wp-image-257\" alt=\"\" loading=\"lazy\" srcset=\"https:\/\/zsgh.bytom.pl\/doradca\/wp-content\/uploads\/2022\/05\/rece.png 940w, https:\/\/zsgh.bytom.pl\/doradca\/wp-content\/uploads\/2022\/05\/rece-300x259.png 300w, https:\/\/zsgh.bytom.pl\/doradca\/wp-content\/uploads\/2022\/05\/rece-768x663.png 768w\" sizes=\"(max-width: 940px) 100vw, 940px\" \/>\t\t\t\t\t\t\t\t<\/a>\n\t\t\t\t\t\t\t\t\t\t\t\t\t\t\t<\/div>\n\t\t\t\t<\/div>\n\t\t\t\t<div class=\"elementor-element elementor-element-2ec2bd2 elementor-widget elementor-widget-heading\" data-id=\"2ec2bd2\" data-element_type=\"widget\" data-widget_type=\"heading.default\">\n\t\t\t\t<div class=\"elementor-widget-container\">\n\t\t\t<h5 class=\"elementor-heading-title elementor-size-default\"><a href=\"https:\/\/doradztwo.ore.edu.pl\/gdzie-znajde-pomoc\/\">Gdzie szuka\u0107 pomocy<\/a><\/h5>\t\t<\/div>\n\t\t\t\t<\/div>\n\t\t\t\t\t<\/div>\n\t\t<\/div>\n\t\t\t\t<div class=\"elementor-column elementor-col-33 elementor-top-column elementor-element elementor-element-d481224\" data-id=\"d481224\" data-element_type=\"column\">\n\t\t\t<div class=\"elementor-widget-wrap elementor-element-populated\">\n\t\t\t\t\t\t\t\t<div class=\"elementor-element elementor-element-98f175c elementor-widget elementor-widget-image\" data-id=\"98f175c\" data-element_type=\"widget\" data-widget_type=\"image.default\">\n\t\t\t\t<div class=\"elementor-widget-container\">\n\t\t\t\t\t\t\t\t\t\t\t\t\t\t\t\t<a href=\"https:\/\/doradztwo.ore.edu.pl\/sciezka-ksztalcenia\/\">\n\t\t\t\t\t\t\t<img decoding=\"async\" width=\"981\" height=\"843\" src=\"https:\/\/zsgh.bytom.pl\/doradca\/wp-content\/uploads\/2022\/05\/znaki.png\" class=\"attachment-large size-large wp-image-262\" alt=\"\" loading=\"lazy\" srcset=\"https:\/\/zsgh.bytom.pl\/doradca\/wp-content\/uploads\/2022\/05\/znaki.png 981w, https:\/\/zsgh.bytom.pl\/doradca\/wp-content\/uploads\/2022\/05\/znaki-300x258.png 300w, https:\/\/zsgh.bytom.pl\/doradca\/wp-content\/uploads\/2022\/05\/znaki-768x660.png 768w\" sizes=\"(max-width: 981px) 100vw, 981px\" \/>\t\t\t\t\t\t\t\t<\/a>\n\t\t\t\t\t\t\t\t\t\t\t\t\t\t\t<\/div>\n\t\t\t\t<\/div>\n\t\t\t\t<div class=\"elementor-element elementor-element-381534f elementor-widget elementor-widget-heading\" data-id=\"381534f\" data-element_type=\"widget\" data-widget_type=\"heading.default\">\n\t\t\t\t<div class=\"elementor-widget-container\">\n\t\t\t<h5 class=\"elementor-heading-title elementor-size-default\"><a href=\"https:\/\/doradztwo.ore.edu.pl\/sciezka-ksztalcenia\/\">\u015acie\u017cki kszta\u0142cenia<\/a><\/h5>\t\t<\/div>\n\t\t\t\t<\/div>\n\t\t\t\t\t<\/div>\n\t\t<\/div>\n\t\t\t\t\t\t\t<\/div>\n\t\t<\/section>\n\t\t\t\t<section class=\"elementor-section elementor-top-section elementor-element elementor-element-1673cb3 elementor-section-boxed elementor-section-height-default elementor-section-height-default\" data-id=\"1673cb3\" data-element_type=\"section\">\n\t\t\t\t\t\t<div class=\"elementor-container elementor-column-gap-default\">\n\t\t\t\t\t<div class=\"elementor-column elementor-col-100 elementor-top-column elementor-element elementor-element-fe21630\" data-id=\"fe21630\" data-element_type=\"column\">\n\t\t\t<div class=\"elementor-widget-wrap elementor-element-populated\">\n\t\t\t\t\t\t\t\t<div class=\"elementor-element elementor-element-ce91fe6 elementor-widget-divider--view-line elementor-widget elementor-widget-divider\" data-id=\"ce91fe6\" data-element_type=\"widget\" data-widget_type=\"divider.default\">\n\t\t\t\t<div class=\"elementor-widget-container\">\n\t\t\t\t\t<div class=\"elementor-divider\">\n\t\t\t<span class=\"elementor-divider-separator\">\n\t\t\t\t\t\t<\/span>\n\t\t<\/div>\n\t\t\t\t<\/div>\n\t\t\t\t<\/div>\n\t\t\t\t\t<\/div>\n\t\t<\/div>\n\t\t\t\t\t\t\t<\/div>\n\t\t<\/section>\n\t\t\t\t<section class=\"elementor-section elementor-top-section elementor-element elementor-element-fb4f38e elementor-section-stretched elementor-section-boxed elementor-section-height-default elementor-section-height-default elementor-invisible\" data-id=\"fb4f38e\" data-element_type=\"section\" data-settings=\"{&quot;stretch_section&quot;:&quot;section-stretched&quot;,&quot;animation&quot;:&quot;zoomIn&quot;,&quot;animation_delay&quot;:500}\">\n\t\t\t\t\t\t<div class=\"elementor-container elementor-column-gap-custom\">\n\t\t\t\t\t<div class=\"elementor-column elementor-col-33 elementor-top-column elementor-element elementor-element-40a851c\" data-id=\"40a851c\" data-element_type=\"column\">\n\t\t\t<div class=\"elementor-widget-wrap elementor-element-populated\">\n\t\t\t\t\t\t\t\t<div class=\"elementor-element elementor-element-7274479 elementor-widget elementor-widget-image\" data-id=\"7274479\" data-element_type=\"widget\" data-widget_type=\"image.default\">\n\t\t\t\t<div class=\"elementor-widget-container\">\n\t\t\t\t\t\t\t\t\t\t\t\t\t\t\t\t<a href=\"http:\/\/zsgh.bytom.pl\/doradca\/?page_id=253\">\n\t\t\t\t\t\t\t<img decoding=\"async\" width=\"704\" height=\"496\" src=\"https:\/\/zsgh.bytom.pl\/doradca\/wp-content\/uploads\/2022\/05\/komputerkomorka.jpg\" class=\"attachment-large size-large wp-image-269\" alt=\"\" loading=\"lazy\" srcset=\"https:\/\/zsgh.bytom.pl\/doradca\/wp-content\/uploads\/2022\/05\/komputerkomorka.jpg 704w, https:\/\/zsgh.bytom.pl\/doradca\/wp-content\/uploads\/2022\/05\/komputerkomorka-300x211.jpg 300w\" sizes=\"(max-width: 704px) 100vw, 704px\" \/>\t\t\t\t\t\t\t\t<\/a>\n\t\t\t\t\t\t\t\t\t\t\t\t\t\t\t<\/div>\n\t\t\t\t<\/div>\n\t\t\t\t<div class=\"elementor-element elementor-element-c1e3210 elementor-widget elementor-widget-heading\" data-id=\"c1e3210\" data-element_type=\"widget\" data-widget_type=\"heading.default\">\n\t\t\t\t<div class=\"elementor-widget-container\">\n\t\t\t<h5 class=\"elementor-heading-title elementor-size-default\"><a href=\"http:\/\/zsgh.bytom.pl\/doradca\/?page_id=253\">Ciekawe strony<\/a><\/h5>\t\t<\/div>\n\t\t\t\t<\/div>\n\t\t\t\t\t<\/div>\n\t\t<\/div>\n\t\t\t\t<div class=\"elementor-column elementor-col-33 elementor-top-column elementor-element elementor-element-cdd5098\" data-id=\"cdd5098\" data-element_type=\"column\">\n\t\t\t<div class=\"elementor-widget-wrap elementor-element-populated\">\n\t\t\t\t\t\t\t\t<div class=\"elementor-element elementor-element-3106174 elementor-widget elementor-widget-image\" data-id=\"3106174\" data-element_type=\"widget\" data-widget_type=\"image.default\">\n\t\t\t\t<div class=\"elementor-widget-container\">\n\t\t\t\t\t\t\t\t\t\t\t\t\t\t\t\t<a href=\"https:\/\/zpe.gov.pl\/a\/szkoly-ponadpodstawowe-i-osoby-dorosle\/Dufy8xL1B\">\n\t\t\t\t\t\t\t<img decoding=\"async\" width=\"1024\" height=\"683\" src=\"https:\/\/zsgh.bytom.pl\/doradca\/wp-content\/uploads\/2022\/05\/photo-of-people-doing-handshakes-3183197-1024x683.jpg\" class=\"attachment-large size-large wp-image-278\" alt=\"\" loading=\"lazy\" srcset=\"https:\/\/zsgh.bytom.pl\/doradca\/wp-content\/uploads\/2022\/05\/photo-of-people-doing-handshakes-3183197-1024x683.jpg 1024w, https:\/\/zsgh.bytom.pl\/doradca\/wp-content\/uploads\/2022\/05\/photo-of-people-doing-handshakes-3183197-300x200.jpg 300w, https:\/\/zsgh.bytom.pl\/doradca\/wp-content\/uploads\/2022\/05\/photo-of-people-doing-handshakes-3183197-768x512.jpg 768w, https:\/\/zsgh.bytom.pl\/doradca\/wp-content\/uploads\/2022\/05\/photo-of-people-doing-handshakes-3183197-1536x1025.jpg 1536w, https:\/\/zsgh.bytom.pl\/doradca\/wp-content\/uploads\/2022\/05\/photo-of-people-doing-handshakes-3183197.jpg 1920w\" sizes=\"(max-width: 1024px) 100vw, 1024px\" \/>\t\t\t\t\t\t\t\t<\/a>\n\t\t\t\t\t\t\t\t\t\t\t\t\t\t\t<\/div>\n\t\t\t\t<\/div>\n\t\t\t\t<div class=\"elementor-element elementor-element-a6c0cf8 elementor-widget elementor-widget-heading\" data-id=\"a6c0cf8\" data-element_type=\"widget\" data-widget_type=\"heading.default\">\n\t\t\t\t<div class=\"elementor-widget-container\">\n\t\t\t<h5 class=\"elementor-heading-title elementor-size-default\"><a href=\"https:\/\/zpe.gov.pl\/a\/szkoly-ponadpodstawowe-i-osoby-dorosle\/Dufy8xL1B\">Poznaj zawody<\/a><\/h5>\t\t<\/div>\n\t\t\t\t<\/div>\n\t\t\t\t\t<\/div>\n\t\t<\/div>\n\t\t\t\t<div class=\"elementor-column elementor-col-33 elementor-top-column elementor-element elementor-element-86ad89c\" data-id=\"86ad89c\" data-element_type=\"column\">\n\t\t\t<div class=\"elementor-widget-wrap elementor-element-populated\">\n\t\t\t\t\t\t\t\t<div class=\"elementor-element elementor-element-9568769 elementor-widget elementor-widget-image\" data-id=\"9568769\" data-element_type=\"widget\" data-widget_type=\"image.default\">\n\t\t\t\t<div class=\"elementor-widget-container\">\n\t\t\t\t\t\t\t\t\t\t\t\t\t\t\t\t<a href=\"http:\/\/zsgh.bytom.pl\/doradca\/?page_id=342\">\n\t\t\t\t\t\t\t<img decoding=\"async\" width=\"704\" height=\"529\" src=\"https:\/\/zsgh.bytom.pl\/doradca\/wp-content\/uploads\/2022\/05\/testy.jpg\" class=\"attachment-large size-large wp-image-259\" alt=\"\" loading=\"lazy\" srcset=\"https:\/\/zsgh.bytom.pl\/doradca\/wp-content\/uploads\/2022\/05\/testy.jpg 704w, https:\/\/zsgh.bytom.pl\/doradca\/wp-content\/uploads\/2022\/05\/testy-300x225.jpg 300w\" sizes=\"(max-width: 704px) 100vw, 704px\" \/>\t\t\t\t\t\t\t\t<\/a>\n\t\t\t\t\t\t\t\t\t\t\t\t\t\t\t<\/div>\n\t\t\t\t<\/div>\n\t\t\t\t<div class=\"elementor-element elementor-element-306a5c7 elementor-widget elementor-widget-heading\" data-id=\"306a5c7\" data-element_type=\"widget\" data-widget_type=\"heading.default\">\n\t\t\t\t<div class=\"elementor-widget-container\">\n\t\t\t<h6 class=\"elementor-heading-title elementor-size-default\"><a href=\"http:\/\/zsgh.bytom.pl\/doradca\/?page_id=342\">Testy predyspozycji zawodowych<\/a><\/h6>\t\t<\/div>\n\t\t\t\t<\/div>\n\t\t\t\t\t<\/div>\n\t\t<\/div>\n\t\t\t\t\t\t\t<\/div>\n\t\t<\/section>\n\t\t\t\t<section class=\"elementor-section elementor-top-section elementor-element elementor-element-42ebc3d elementor-section-boxed elementor-section-height-default elementor-section-height-default\" data-id=\"42ebc3d\" data-element_type=\"section\">\n\t\t\t\t\t\t<div class=\"elementor-container elementor-column-gap-default\">\n\t\t\t\t\t<div class=\"elementor-column elementor-col-100 elementor-top-column elementor-element elementor-element-446b0f8\" data-id=\"446b0f8\" data-element_type=\"column\">\n\t\t\t<div class=\"elementor-widget-wrap elementor-element-populated\">\n\t\t\t\t\t\t\t\t<div class=\"elementor-element elementor-element-137293f elementor-widget-divider--view-line elementor-widget elementor-widget-divider\" data-id=\"137293f\" data-element_type=\"widget\" data-widget_type=\"divider.default\">\n\t\t\t\t<div class=\"elementor-widget-container\">\n\t\t\t\t\t<div class=\"elementor-divider\">\n\t\t\t<span class=\"elementor-divider-separator\">\n\t\t\t\t\t\t<\/span>\n\t\t<\/div>\n\t\t\t\t<\/div>\n\t\t\t\t<\/div>\n\t\t\t\t\t<\/div>\n\t\t<\/div>\n\t\t\t\t\t\t\t<\/div>\n\t\t<\/section>\n\t\t\t\t\t\t\t<\/div>\n\t\t","protected":false},"excerpt":{"rendered":"<p>ZSGH &#8211; Doradztwo zawodowe Wewn\u0105trzszkolny System Doradztwa Zawodowego Gdzie szuka\u0107 pomocy \u015acie\u017cki kszta\u0142cenia Ciekawe strony Poznaj zawody Testy predyspozycji zawodowych<\/p>\n","protected":false},"author":2,"featured_media":0,"parent":0,"menu_order":0,"comment_status":"closed","ping_status":"closed","template":"elementor_canvas","meta":[],"_links":{"self":[{"href":"https:\/\/zsgh.bytom.pl\/doradca\/index.php?rest_route=\/wp\/v2\/pages\/12"}],"collection":[{"href":"https:\/\/zsgh.bytom.pl\/doradca\/index.php?rest_route=\/wp\/v2\/pages"}],"about":[{"href":"https:\/\/zsgh.bytom.pl\/doradca\/index.php?rest_route=\/wp\/v2\/types\/page"}],"author":[{"embeddable":true,"href":"https:\/\/zsgh.bytom.pl\/doradca\/index.php?rest_route=\/wp\/v2\/users\/2"}],"replies":[{"embeddable":true,"href":"https:\/\/zsgh.bytom.pl\/doradca\/index.php?rest_route=%2Fwp%2Fv2%2Fcomments&post=12"}],"version-history":[{"count":20,"href":"https:\/\/zsgh.bytom.pl\/doradca\/index.php?rest_route=\/wp\/v2\/pages\/12\/revisions"}],"predecessor-version":[{"id":370,"href":"https:\/\/zsgh.bytom.pl\/doradca\/index.php?rest_route=\/wp\/v2\/pages\/12\/revisions\/370"}],"wp:attachment":[{"href":"https:\/\/zsgh.bytom.pl\/doradca\/index.php?rest_route=%2Fwp%2Fv2%2Fmedia&parent=12"}],"curies":[{"name":"wp","href":"https:\/\/api.w.org\/{rel}","templated":true}]}}